{"id":40,"date":"2025-07-26T03:32:16","date_gmt":"2025-07-26T03:32:16","guid":{"rendered":"https:\/\/predictionsamoureuses.fr\/index.php\/home\/"},"modified":"2025-08-20T20:03:28","modified_gmt":"2025-08-20T20:03:28","slug":"home","status":"publish","type":"page","link":"https:\/\/predictionsamoureuses.fr\/","title":{"rendered":"Home"},"content":{"rendered":"\t\t<div data-elementor-type=\"wp-page\" data-elementor-id=\"40\" class=\"elementor elementor-40\">\n\t\t\t\t<div class=\"elementor-element elementor-element-7426c920 e-con-full e-flex e-con e-parent\" data-id=\"7426c920\" data-element_type=\"container\" data-settings=\"{&quot;background_background&quot;:&quot;slideshow&quot;,&quot;background_slideshow_gallery&quot;:[{&quot;id&quot;:60,&quot;url&quot;:&quot;https:\\\/\\\/predictionsamoureuses.fr\\\/wp-content\\\/uploads\\\/2025\\\/07\\\/slide31.jpg&quot;},{&quot;id&quot;:59,&quot;url&quot;:&quot;https:\\\/\\\/predictionsamoureuses.fr\\\/wp-content\\\/uploads\\\/2025\\\/07\\\/slide2.jpg&quot;},{&quot;id&quot;:58,&quot;url&quot;:&quot;https:\\\/\\\/predictionsamoureuses.fr\\\/wp-content\\\/uploads\\\/2025\\\/07\\\/slide1.jpg&quot;}],&quot;background_slideshow_slide_transition&quot;:&quot;slide_right&quot;,&quot;background_slideshow_loop&quot;:&quot;yes&quot;,&quot;background_slideshow_slide_duration&quot;:5000,&quot;background_slideshow_transition_duration&quot;:500}\">\n\t\t\t\t<div class=\"elementor-element elementor-element-4a0fd027 elementor-widget elementor-widget-heading\" data-id=\"4a0fd027\" data-element_type=\"widget\" data-widget_type=\"heading.default\">\n\t\t\t\t\t<h1 class=\"elementor-heading-title elementor-size-default\">Laissez vous transporter par mes ressentis<\/h1>\t\t\t\t<\/div>\n\t\t\t\t<div class=\"elementor-element elementor-element-4b7c188d elementor-align-center elementor-widget elementor-widget-button\" data-id=\"4b7c188d\" data-element_type=\"widget\" data-widget_type=\"button.default\">\n\t\t\t\t\t\t\t\t\t\t<a class=\"elementor-button elementor-button-link elementor-size-sm\" href=\"https:\/\/library.elementor.com\/portfolio-wireframe-2-flexbox\/contact\/\">\n\t\t\t\t\t\t<span class=\"elementor-button-content-wrapper\">\n\t\t\t\t\t\t\t\t\t<span class=\"elementor-button-text\">Get in touch<\/span>\n\t\t\t\t\t<\/span>\n\t\t\t\t\t<\/a>\n\t\t\t\t\t\t\t\t<\/div>\n\t\t\t\t<\/div>\n\t\t<div class=\"elementor-element elementor-element-3034535b e-con-full e-flex e-con e-parent\" data-id=\"3034535b\" data-element_type=\"container\">\n\t\t<div class=\"elementor-element elementor-element-6a263b30 e-con-full e-flex e-con e-child\" data-id=\"6a263b30\" data-element_type=\"container\">\n\t\t\t\t<div class=\"elementor-element elementor-element-39b4cc8f elementor-widget elementor-widget-heading\" data-id=\"39b4cc8f\" data-element_type=\"widget\" data-widget_type=\"heading.default\">\n\t\t\t\t\t<h2 class=\"elementor-heading-title elementor-size-default\">A propos<\/h2>\t\t\t\t<\/div>\n\t\t\t\t<div class=\"elementor-element elementor-element-6cca1cbf elementor-drop-cap-yes elementor-widget__width-auto elementor-drop-cap-view-default elementor-widget elementor-widget-text-editor\" data-id=\"6cca1cbf\" data-element_type=\"widget\" data-settings=\"{&quot;drop_cap&quot;:&quot;yes&quot;}\" data-widget_type=\"text-editor.default\">\n\t\t\t\t\t\t\t\t\t<div class=\"two_third\"><p class=\"apropos\">Je m\u2019appelle Christophe Del\u00e8gue, j&rsquo;ai pris conscience de mes <strong>facult\u00e9s m\u00e9diumniques<\/strong> (Don de Voyance) suite \u00e0 un \u00e9v\u00e9nement douloureux (la maladie) \u00e0 l&rsquo;\u00e2ge de 14 Ans. Aujourd\u2019hui, plus que jamais, j\u2019aimerais mettre ce don au service des autres. J\u2019ai exerc\u00e9 durant de nombreuses ann\u00e9es dans divers structures de voyance\u00a0 : Cosmospace, Polaris Astrovoyance ou encore Pure voyance&#8230; A cette \u00e9poque, j\u2019ai d\u00fb faire face \u00e0 des pratiques de voyance oppressantes,incompatibles avec ma vision du m\u00e9tier de consultant cartomancien (Voyance Gratuite, Relance t\u00e9l\u00e9phonique, Relance Mailing&#8230;) J\u2019ai alors d\u00e9cid\u00e9 de cr\u00e9er mon propre support de <strong>voyance personnalis\u00e9e<\/strong>. Par le biais de la t\u00e9l\u00e9phonie, afin de r\u00e9pondre le plus \u00e9troitement et le plus honorablement possible \u00e0 vos questions. Je tiens, avant tout, \u00e0 me d\u00e9marquer de ces plates-formes en privil\u00e9giant l\u2019honn\u00eatet\u00e9, la justesse et le don de soi. Travaillant en autonomie, je privil\u00e9gie la chaleur humaine et l\u2019investissement personnel. Mes valeurs sont <strong>l&rsquo;humanit\u00e9<\/strong> et <strong>la proximit\u00e9<\/strong>, je travaille en toute <strong>discr\u00e9tion<\/strong> pour vous apporter les r\u00e9ponses \u00e0 vos interrogations.<\/p><\/div>\t\t\t\t\t\t\t\t<\/div>\n\t\t\t\t<div class=\"elementor-element elementor-element-8d5adff elementor-widget-divider--view-line elementor-widget elementor-widget-divider\" data-id=\"8d5adff\" data-element_type=\"widget\" data-widget_type=\"divider.default\">\n\t\t\t\t\t\t\t<div class=\"elementor-divider\">\n\t\t\t<span class=\"elementor-divider-separator\">\n\t\t\t\t\t\t<\/span>\n\t\t<\/div>\n\t\t\t\t\t\t<\/div>\n\t\t\t\t<div class=\"elementor-element elementor-element-47bacce elementor-align-center elementor-widget elementor-widget-button\" data-id=\"47bacce\" data-element_type=\"widget\" data-widget_type=\"button.default\">\n\t\t\t\t\t\t\t\t\t\t<a class=\"elementor-button elementor-button-link elementor-size-sm\" href=\"#\">\n\t\t\t\t\t\t<span class=\"elementor-button-content-wrapper\">\n\t\t\t\t\t\t\t\t\t<span class=\"elementor-button-text\"><div><div><section><div><div><div><h3>CONSULTATIONS<\/h3><h3><strong>PAR TELEPHONE :<\/strong><\/h3><h3><strong><\/strong>04 93 49 70 24<\/h3><ul><li><p>Ligne personnelle (Appel non surtax\u00e9)\nR\u00e9pondeur Vocal .<\/p><\/li><\/ul><\/div><\/div><\/div><\/section><\/div><\/div><\/span>\n\t\t\t\t\t<\/span>\n\t\t\t\t\t<\/a>\n\t\t\t\t\t\t\t\t<\/div>\n\t\t\t\t<div class=\"elementor-element elementor-element-7d1ede3 elementor-align-center elementor-widget elementor-widget-button\" data-id=\"7d1ede3\" data-element_type=\"widget\" data-widget_type=\"button.default\">\n\t\t\t\t\t\t\t\t\t\t<a class=\"elementor-button elementor-button-link elementor-size-sm\" href=\"#\">\n\t\t\t\t\t\t<span class=\"elementor-button-content-wrapper\">\n\t\t\t\t\t\t\t\t\t<span class=\"elementor-button-text\">A MON CABINET :<br> Du Lundi au Vendredi 09h\/13h et 14h\/23h00   <br>PRENDRE RENDEZ-VOUS<\/span>\n\t\t\t\t\t<\/span>\n\t\t\t\t\t<\/a>\n\t\t\t\t\t\t\t\t<\/div>\n\t\t\t\t<\/div>\n\t\t<div class=\"elementor-element elementor-element-5b47e6ab e-con-full e-flex e-con e-child\" data-id=\"5b47e6ab\" data-element_type=\"container\">\n\t\t\t\t<div class=\"elementor-element elementor-element-3f9683f3 elementor-widget elementor-widget-image\" data-id=\"3f9683f3\" data-element_type=\"widget\" data-widget_type=\"image.default\">\n\t\t\t\t\t\t\t\t\t\t\t\t\t\t\t<img fetchpriority=\"high\" decoding=\"async\" width=\"2560\" height=\"1572\" src=\"https:\/\/predictionsamoureuses.fr\/wp-content\/uploads\/2025\/08\/0011-scaled.jpg\" class=\"attachment-full size-full wp-image-65\" alt=\"\" srcset=\"https:\/\/predictionsamoureuses.fr\/wp-content\/uploads\/2025\/08\/0011-scaled.jpg 2560w, https:\/\/predictionsamoureuses.fr\/wp-content\/uploads\/2025\/08\/0011-300x184.jpg 300w, https:\/\/predictionsamoureuses.fr\/wp-content\/uploads\/2025\/08\/0011-1024x629.jpg 1024w, https:\/\/predictionsamoureuses.fr\/wp-content\/uploads\/2025\/08\/0011-768x472.jpg 768w, https:\/\/predictionsamoureuses.fr\/wp-content\/uploads\/2025\/08\/0011-1536x943.jpg 1536w, https:\/\/predictionsamoureuses.fr\/wp-content\/uploads\/2025\/08\/0011-2048x1257.jpg 2048w\" sizes=\"(max-width: 2560px) 100vw, 2560px\" \/>\t\t\t\t\t\t\t\t\t\t\t\t\t\t\t<\/div>\n\t\t\t\t<\/div>\n\t\t\t\t<\/div>\n\t\t<div class=\"elementor-element elementor-element-a0f57ec e-con-full e-flex e-con e-parent\" data-id=\"a0f57ec\" data-element_type=\"container\">\n\t\t\t\t<div class=\"elementor-element elementor-element-49b32ff7 elementor-widget elementor-widget-heading\" data-id=\"49b32ff7\" data-element_type=\"widget\" data-widget_type=\"heading.default\">\n\t\t\t\t\t<h2 class=\"elementor-heading-title elementor-size-default\">ma voyance<\/h2>\t\t\t\t<\/div>\n\t\t\t\t<div class=\"elementor-element elementor-element-a5eab4d elementor-widget-divider--view-line elementor-widget elementor-widget-divider\" data-id=\"a5eab4d\" data-element_type=\"widget\" data-widget_type=\"divider.default\">\n\t\t\t\t\t\t\t<div class=\"elementor-divider\">\n\t\t\t<span class=\"elementor-divider-separator\">\n\t\t\t\t\t\t<\/span>\n\t\t<\/div>\n\t\t\t\t\t\t<\/div>\n\t\t\t\t<div class=\"elementor-element elementor-element-20b40e4 elementor-widget elementor-widget-text-editor\" data-id=\"20b40e4\" data-element_type=\"widget\" data-widget_type=\"text-editor.default\">\n\t\t\t\t\t\t\t\t\t<h2><em>Mon objectif est de vous mener sur la bonne voie<\/em><\/h2><p>Avant tout votre conseiller, je privil\u00e9gie des rapports simples et justes. Vous proposant les choix les plus judicieux pour votre avenir, mon but est d&rsquo;instaurer l&rsquo;\u00e9quilibre dans votre vie, pour que vous puissiez vous \u00e9panouir.\u00a0<strong>R\u00e9pondant \u00e0 vos questions avec respect et sinc\u00e9rit\u00e9, l\u2019objectif de ma voyance est de vous fournir les r\u00e9ponses qui vous aideront \u00e0 avancer.<\/strong>\u00a0Je mets mes comp\u00e9tences et mon exp\u00e9rience \u00e0 votre service, ob\u00e9issant ainsi aux r\u00e8gles fondamentales d&rsquo;une\u00a0<strong>voyance sinc\u00e8re<\/strong>.<\/p><p><strong>Visualisant des \u00e9v\u00e8nements annonc\u00e9s par mes tirages de cartes\u00a0<\/strong>, j\u2019interpr\u00e8te votre avenir et vous conseille dans vos choix.<\/p><h2><em>La lecture de mes cartes vous permettra de vous adapter \u00e0 des \u00e9v\u00e8nements futurs annonc\u00e9s.<\/em><\/h2><p>Avant de d\u00e9terminer un choix ou de prendre une d\u00e9cision, je vous apporterai mon aide, vous indiquant le chemin \u00e0 prendre ou \u00e0 \u00e9viter.<\/p><h2><em>Ma voyance est simple et pure.<\/em><\/h2><p>Mon approche consiste \u00e0<strong>\u00a0me plonger dans votre pass\u00e9 afin d&rsquo;\u00e9valuer votre pr\u00e9sent, la profondeur de vos interrogations et de vos doute<\/strong>s. Je consolide mes ressentis en m&rsquo;appuyant sur un support :\u00a0<strong>l&rsquo;Oracle de la Triade<\/strong>, vous d\u00e9voilant uniquement ce que je visualise, et non ce que vous souhaitez entendre. Avant tout votre conseiller, privil\u00e9giant la v\u00e9rit\u00e9, je refuse de vous bercer d&rsquo;illusions et de vous vendre du r\u00eave&#8230;<\/p><p>Ma Prestation consistera \u00e0 vous \u00e9pauler au cours de cette travers\u00e9e, vous proposant\u00a0<strong>les choix les plus judicieux et les meilleurs attitudes \u00e0 adopter face \u00e0 votre devenir<\/strong>.\u00a0<strong>Ma prestation m\u00e9diumnique vous fournit les conseils et r\u00e9ponses qui vous m\u00e8neront vers la r\u00e9ussite, l&rsquo;\u00e9panouissement affectif, professionnel et familial.<\/strong><\/p>\t\t\t\t\t\t\t\t<\/div>\n\t\t\t\t<div class=\"elementor-element elementor-element-5a92b038 elementor-align-center elementor-invisible elementor-widget elementor-widget-button\" data-id=\"5a92b038\" data-element_type=\"widget\" data-settings=\"{&quot;_animation&quot;:&quot;fadeInDown&quot;}\" data-widget_type=\"button.default\">\n\t\t\t\t\t\t\t\t\t\t<a class=\"elementor-button elementor-button-link elementor-size-sm\" href=\"https:\/\/library.elementor.com\/portfolio-wireframe-2-flexbox\/portfolio\/\">\n\t\t\t\t\t\t<span class=\"elementor-button-content-wrapper\">\n\t\t\t\t\t\t\t\t\t<span class=\"elementor-button-text\">voir la charte d'ontologique<\/span>\n\t\t\t\t\t<\/span>\n\t\t\t\t\t<\/a>\n\t\t\t\t\t\t\t\t<\/div>\n\t\t\t\t<div class=\"elementor-element elementor-element-726a7eb elementor-widget elementor-widget-spacer\" data-id=\"726a7eb\" data-element_type=\"widget\" data-widget_type=\"spacer.default\">\n\t\t\t\t\t\t\t<div class=\"elementor-spacer\">\n\t\t\t<div class=\"elementor-spacer-inner\"><\/div>\n\t\t<\/div>\n\t\t\t\t\t\t<\/div>\n\t\t\t\t<div class=\"elementor-element elementor-element-e934cbc elementor-widget elementor-widget-text-editor\" data-id=\"e934cbc\" data-element_type=\"widget\" data-widget_type=\"text-editor.default\">\n\t\t\t\t\t\t\t\t\t<div class=\"voyance\"><h3><em>Vos doutes sont trop envahissants dans votre quotidien ? Ils freinent le bon d\u00e9roulement de vos projets ? Vous ressentez une r\u00e9elle n\u00e9cessit\u00e9 \u00e0 conna\u00eetre votre avenir et \u00e0 recevoir des conseils d\u2019expert ? je vous invite \u00e0 consulter, \u00a0mes tirages de cartes vous d\u00e9voilerons les bonnes d\u00e9cisions \u00e0 prendre.<\/em><\/h3><\/div>\t\t\t\t\t\t\t\t<\/div>\n\t\t\t\t<div class=\"elementor-element elementor-element-262f6ae elementor-widget-divider--view-line elementor-widget elementor-widget-divider\" data-id=\"262f6ae\" data-element_type=\"widget\" data-widget_type=\"divider.default\">\n\t\t\t\t\t\t\t<div class=\"elementor-divider\">\n\t\t\t<span class=\"elementor-divider-separator\">\n\t\t\t\t\t\t<\/span>\n\t\t<\/div>\n\t\t\t\t\t\t<\/div>\n\t\t<div class=\"elementor-element elementor-element-1d65573 e-flex e-con-boxed e-con e-child\" data-id=\"1d65573\" data-element_type=\"container\">\n\t\t\t\t\t<div class=\"e-con-inner\">\n\t\t<div class=\"elementor-element elementor-element-b78be47 e-grid e-con-full e-con e-child\" data-id=\"b78be47\" data-element_type=\"container\">\n\t\t\t\t<div class=\"elementor-element elementor-element-3a996fc elementor-view-default elementor-position-top elementor-mobile-position-top elementor-widget elementor-widget-icon-box\" data-id=\"3a996fc\" data-element_type=\"widget\" data-widget_type=\"icon-box.default\">\n\t\t\t\t\t\t\t<div class=\"elementor-icon-box-wrapper\">\n\n\t\t\t\t\t\t<div class=\"elementor-icon-box-icon\">\n\t\t\t\t<span  class=\"elementor-icon\">\n\t\t\t\t<svg aria-hidden=\"true\" class=\"e-font-icon-svg e-fas-star\" viewBox=\"0 0 576 512\" xmlns=\"http:\/\/www.w3.org\/2000\/svg\"><path d=\"M259.3 17.8L194 150.2 47.9 171.5c-26.2 3.8-36.7 36.1-17.7 54.6l105.7 103-25 145.5c-4.5 26.3 23.2 46 46.4 33.7L288 439.6l130.7 68.7c23.2 12.2 50.9-7.4 46.4-33.7l-25-145.5 105.7-103c19-18.5 8.5-50.8-17.7-54.6L382 150.2 316.7 17.8c-11.7-23.6-45.6-23.9-57.4 0z\"><\/path><\/svg>\t\t\t\t<\/span>\n\t\t\t<\/div>\n\t\t\t\n\t\t\t\t\t\t<div class=\"elementor-icon-box-content\">\n\n\t\t\t\t\n\t\t\t\t\t\t\t\t\t<p class=\"elementor-icon-box-description\">\n\t\t\t\t\t\tUNE VOYANCE SUR MESURE\n\t\t\t\t\t<\/p>\n\t\t\t\t\n\t\t\t<\/div>\n\t\t\t\n\t\t<\/div>\n\t\t\t\t\t\t<\/div>\n\t\t\t\t<div class=\"elementor-element elementor-element-2b187b3 elementor-view-default elementor-position-top elementor-mobile-position-top elementor-widget elementor-widget-icon-box\" data-id=\"2b187b3\" data-element_type=\"widget\" data-widget_type=\"icon-box.default\">\n\t\t\t\t\t\t\t<div class=\"elementor-icon-box-wrapper\">\n\n\t\t\t\t\t\t<div class=\"elementor-icon-box-icon\">\n\t\t\t\t<span  class=\"elementor-icon\">\n\t\t\t\t<svg aria-hidden=\"true\" class=\"e-font-icon-svg e-fas-star\" viewBox=\"0 0 576 512\" xmlns=\"http:\/\/www.w3.org\/2000\/svg\"><path d=\"M259.3 17.8L194 150.2 47.9 171.5c-26.2 3.8-36.7 36.1-17.7 54.6l105.7 103-25 145.5c-4.5 26.3 23.2 46 46.4 33.7L288 439.6l130.7 68.7c23.2 12.2 50.9-7.4 46.4-33.7l-25-145.5 105.7-103c19-18.5 8.5-50.8-17.7-54.6L382 150.2 316.7 17.8c-11.7-23.6-45.6-23.9-57.4 0z\"><\/path><\/svg>\t\t\t\t<\/span>\n\t\t\t<\/div>\n\t\t\t\n\t\t\t\t\t\t<div class=\"elementor-icon-box-content\">\n\n\t\t\t\t\n\t\t\t\t\t\t\t\t\t<p class=\"elementor-icon-box-description\">\n\t\t\t\t\t\tUNE DISCRETION ASSUREE\n\t\t\t\t\t<\/p>\n\t\t\t\t\n\t\t\t<\/div>\n\t\t\t\n\t\t<\/div>\n\t\t\t\t\t\t<\/div>\n\t\t\t\t<div class=\"elementor-element elementor-element-cae92b3 elementor-view-default elementor-position-top elementor-mobile-position-top elementor-widget elementor-widget-icon-box\" data-id=\"cae92b3\" data-element_type=\"widget\" data-widget_type=\"icon-box.default\">\n\t\t\t\t\t\t\t<div class=\"elementor-icon-box-wrapper\">\n\n\t\t\t\t\t\t<div class=\"elementor-icon-box-icon\">\n\t\t\t\t<span  class=\"elementor-icon\">\n\t\t\t\t<svg aria-hidden=\"true\" class=\"e-font-icon-svg e-fas-star\" viewBox=\"0 0 576 512\" xmlns=\"http:\/\/www.w3.org\/2000\/svg\"><path d=\"M259.3 17.8L194 150.2 47.9 171.5c-26.2 3.8-36.7 36.1-17.7 54.6l105.7 103-25 145.5c-4.5 26.3 23.2 46 46.4 33.7L288 439.6l130.7 68.7c23.2 12.2 50.9-7.4 46.4-33.7l-25-145.5 105.7-103c19-18.5 8.5-50.8-17.7-54.6L382 150.2 316.7 17.8c-11.7-23.6-45.6-23.9-57.4 0z\"><\/path><\/svg>\t\t\t\t<\/span>\n\t\t\t<\/div>\n\t\t\t\n\t\t\t\t\t\t<div class=\"elementor-icon-box-content\">\n\n\t\t\t\t\n\t\t\t\t\t\t\t\t\t<p class=\"elementor-icon-box-description\">\n\t\t\t\t\t\tUN PAIEMENT SECURISE\n\t\t\t\t\t<\/p>\n\t\t\t\t\n\t\t\t<\/div>\n\t\t\t\n\t\t<\/div>\n\t\t\t\t\t\t<\/div>\n\t\t\t\t<div class=\"elementor-element elementor-element-6a67bc3 elementor-view-default elementor-position-top elementor-mobile-position-top elementor-widget elementor-widget-icon-box\" data-id=\"6a67bc3\" data-element_type=\"widget\" data-widget_type=\"icon-box.default\">\n\t\t\t\t\t\t\t<div class=\"elementor-icon-box-wrapper\">\n\n\t\t\t\t\t\t<div class=\"elementor-icon-box-icon\">\n\t\t\t\t<span  class=\"elementor-icon\">\n\t\t\t\t<svg aria-hidden=\"true\" class=\"e-font-icon-svg e-fas-star\" viewBox=\"0 0 576 512\" xmlns=\"http:\/\/www.w3.org\/2000\/svg\"><path d=\"M259.3 17.8L194 150.2 47.9 171.5c-26.2 3.8-36.7 36.1-17.7 54.6l105.7 103-25 145.5c-4.5 26.3 23.2 46 46.4 33.7L288 439.6l130.7 68.7c23.2 12.2 50.9-7.4 46.4-33.7l-25-145.5 105.7-103c19-18.5 8.5-50.8-17.7-54.6L382 150.2 316.7 17.8c-11.7-23.6-45.6-23.9-57.4 0z\"><\/path><\/svg>\t\t\t\t<\/span>\n\t\t\t<\/div>\n\t\t\t\n\t\t\t\t\t\t<div class=\"elementor-icon-box-content\">\n\n\t\t\t\t\n\t\t\t\t\t\t\t\t\t<p class=\"elementor-icon-box-description\">\n\t\t\t\t\t\tUN REEL ECHANGE\n\t\t\t\t\t<\/p>\n\t\t\t\t\n\t\t\t<\/div>\n\t\t\t\n\t\t<\/div>\n\t\t\t\t\t\t<\/div>\n\t\t\t\t<\/div>\n\t\t\t\t<div class=\"elementor-element elementor-element-80d6481 elementor-widget elementor-widget-spacer\" data-id=\"80d6481\" data-element_type=\"widget\" data-widget_type=\"spacer.default\">\n\t\t\t\t\t\t\t<div class=\"elementor-spacer\">\n\t\t\t<div class=\"elementor-spacer-inner\"><\/div>\n\t\t<\/div>\n\t\t\t\t\t\t<\/div>\n\t\t\t\t<div class=\"elementor-element elementor-element-1500a9f elementor-widget elementor-widget-text-editor\" data-id=\"1500a9f\" data-element_type=\"widget\" data-widget_type=\"text-editor.default\">\n\t\t\t\t\t\t\t\t\t<ul><li class=\"fa fa-arrow-circle-o-right\"><strong>Temps d&rsquo;une s\u00e9ance:<\/strong>\u00a030 minutes<\/li>\u00a0<li class=\"fa fa-arrow-circle-o-right\"><strong>Tarif d&rsquo;une s\u00e9ance :<\/strong>\u00a038\u20ac TTC (3.5 euros \/minute au dela de la dur\u00e9e respective)<\/li><\/ul>\t\t\t\t\t\t\t\t<\/div>\n\t\t\t\t\t<\/div>\n\t\t\t\t<\/div>\n\t\t\t\t<\/div>\n\t\t<div class=\"elementor-element elementor-element-61c2677 e-flex e-con-boxed e-con e-parent\" data-id=\"61c2677\" data-element_type=\"container\">\n\t\t\t\t\t<div class=\"e-con-inner\">\n\t\t\t\t<div class=\"elementor-element elementor-element-075fd3f elementor-widget elementor-widget-spacer\" data-id=\"075fd3f\" data-element_type=\"widget\" data-widget_type=\"spacer.default\">\n\t\t\t\t\t\t\t<div class=\"elementor-spacer\">\n\t\t\t<div class=\"elementor-spacer-inner\"><\/div>\n\t\t<\/div>\n\t\t\t\t\t\t<\/div>\n\t\t\t\t<div class=\"elementor-element elementor-element-c0552b2 elementor-widget elementor-widget-heading\" data-id=\"c0552b2\" data-element_type=\"widget\" data-widget_type=\"heading.default\">\n\t\t\t\t\t<h2 class=\"elementor-heading-title elementor-size-default\">Mon parcours\n<\/h2>\t\t\t\t<\/div>\n\t\t\t\t<div class=\"elementor-element elementor-element-f15206e elementor-widget elementor-widget-text-editor\" data-id=\"f15206e\" data-element_type=\"widget\" data-widget_type=\"text-editor.default\">\n\t\t\t\t\t\t\t\t\t<ul><li style=\"list-style-type: none;\"><ul><li class=\"fa fa-arrow-circle-o-right\">Dipl\u00f4m\u00e9 en philosophie et th\u00e9ologie<\/li><\/ul><\/li><\/ul><p>\u00a0<\/p><ul><li style=\"list-style-type: none;\"><ul><li class=\"fa fa-arrow-circle-o-right\">Initiation \u00e0 la cartomancie (Tarots de Marseille et Oracle de la tryade)\u00a0Pierre Medium Divinologue.<\/li><\/ul><\/li><\/ul><p>\u00a0<\/p><ul><li style=\"list-style-type: none;\"><ul><li class=\"fa fa-arrow-circle-o-right\">Membre de l\u2019INSTITUT NATIONAL DES ARTS DIVINATOIRES (INAD) depuis 14 Ans<\/li><\/ul><\/li><\/ul><p>\u00a0<\/p><ul><li style=\"list-style-type: none;\"><ul><li class=\"fa fa-arrow-circle-o-right\">Dipl\u00f4me para psychanalyse et Th\u00e9rapie comportementale (1990)<\/li><\/ul><\/li><\/ul><p>\u00a0<\/p><ul><li style=\"list-style-type: none;\"><ul><li class=\"fa fa-arrow-circle-o-right\">Analyse dans les \u00e9tudes comportementales sociologiques. (1993) (Th\u00e9rapie et Analyse conjugale)<\/li><\/ul><\/li><\/ul><p>\u00a0<\/p><ul><li style=\"list-style-type: none;\"><ul><li class=\"fa fa-arrow-circle-o-right\">Membre aupr\u00e8s d\u2019une association humanitaire au profit d\u2019un orphelinat Philippine depuis 1995.<\/li><\/ul><\/li><\/ul><p>\u00a0<\/p><ul><li class=\"fa fa-arrow-circle-o-right\">Sophrologie et R\u00e9iki<\/li><\/ul>\t\t\t\t\t\t\t\t<\/div>\n\t\t\t\t\t<\/div>\n\t\t\t\t<\/div>\n\t\t<div class=\"elementor-element elementor-element-8b6d56b e-flex e-con-boxed e-con e-parent\" data-id=\"8b6d56b\" data-element_type=\"container\">\n\t\t\t\t\t<div class=\"e-con-inner\">\n\t\t\t\t<div class=\"elementor-element elementor-element-7e32a4b elementor-widget elementor-widget-heading\" data-id=\"7e32a4b\" data-element_type=\"widget\" data-widget_type=\"heading.default\">\n\t\t\t\t\t<h2 class=\"elementor-heading-title elementor-size-default\">Contact<\/h2>\t\t\t\t<\/div>\n\t\t\t\t<div class=\"elementor-element elementor-element-c016433 elementor-widget elementor-widget-text-editor\" data-id=\"c016433\" data-element_type=\"widget\" data-widget_type=\"text-editor.default\">\n\t\t\t\t\t\t\t\t\t<div class=\"contact&quot;\"><p class=\"contact-text\">Vous avez une question \u00e0 me poser ? \u00a0(Gratuit) <br \/>vous souhaitez prendre rendez-vous ?<br \/>Je vous invite \u00e0 remplir ce formulaire<\/p><\/div>\t\t\t\t\t\t\t\t<\/div>\n\t\t\t\t<div class=\"elementor-element elementor-element-6e58fd1 elementor-widget elementor-widget-shortcode\" data-id=\"6e58fd1\" data-element_type=\"widget\" data-widget_type=\"shortcode.default\">\n\t\t\t\t\t\t\t<div class=\"elementor-shortcode\">\n<div class=\"wpcf7 no-js\" id=\"wpcf7-f78-o1\" lang=\"fr-FR\" dir=\"ltr\" data-wpcf7-id=\"78\">\n<div class=\"screen-reader-response\"><p role=\"status\" aria-live=\"polite\" aria-atomic=\"true\"><\/p> <ul><\/ul><\/div>\n<form action=\"\/index.php\/wp-json\/wp\/v2\/pages\/40#wpcf7-f78-o1\" method=\"post\" class=\"wpcf7-form init\" aria-label=\"Formulaire de contact\" novalidate=\"novalidate\" data-status=\"init\">\n<fieldset class=\"hidden-fields-container\"><input type=\"hidden\" name=\"_wpcf7\" value=\"78\" \/><input type=\"hidden\" name=\"_wpcf7_version\" value=\"6.1.1\" \/><input type=\"hidden\" name=\"_wpcf7_locale\" value=\"fr_FR\" \/><input type=\"hidden\" name=\"_wpcf7_unit_tag\" value=\"wpcf7-f78-o1\" \/><input type=\"hidden\" name=\"_wpcf7_container_post\" value=\"0\" \/><input type=\"hidden\" name=\"_wpcf7_posted_data_hash\" value=\"\" \/>\n<\/fieldset>\n<p><label> Votre nom<br \/>\n<span class=\"wpcf7-form-control-wrap\" data-name=\"your-name\"><input size=\"40\" maxlength=\"400\" class=\"wpcf7-form-control wpcf7-text wpcf7-validates-as-required\" autocomplete=\"name\" aria-required=\"true\" aria-invalid=\"false\" value=\"\" type=\"text\" name=\"your-name\" \/><\/span> <\/label>\n<\/p>\n<p><label> Votre e-mail<br \/>\n<span class=\"wpcf7-form-control-wrap\" data-name=\"your-email\"><input size=\"40\" maxlength=\"400\" class=\"wpcf7-form-control wpcf7-email wpcf7-validates-as-required wpcf7-text wpcf7-validates-as-email\" autocomplete=\"email\" aria-required=\"true\" aria-invalid=\"false\" value=\"\" type=\"email\" name=\"your-email\" \/><\/span> <\/label><br \/>\n\t<lavel> Date de naissance \n<span class=\"wpcf7-form-control-wrap\" data-name=\"date-400\"><input class=\"wpcf7-form-control wpcf7-date wpcf7-validates-as-required wpcf7-validates-as-date\" aria-required=\"true\" aria-invalid=\"false\" value=\"\" type=\"date\" name=\"date-400\" \/><\/span> \n\n<label> Objet<br \/>\n<span class=\"wpcf7-form-control-wrap\" data-name=\"your-subject\"><input size=\"40\" maxlength=\"400\" class=\"wpcf7-form-control wpcf7-text wpcf7-validates-as-required\" aria-required=\"true\" aria-invalid=\"false\" value=\"\" type=\"text\" name=\"your-subject\" \/><\/span> <\/label>\n\n<label> Votre message (facultatif)<br \/>\n<span class=\"wpcf7-form-control-wrap\" data-name=\"your-message\"><textarea cols=\"40\" rows=\"10\" maxlength=\"2000\" class=\"wpcf7-form-control wpcf7-textarea\" aria-invalid=\"false\" name=\"your-message\"><\/textarea><\/span> <\/label>\n\n<input class=\"wpcf7-form-control wpcf7-submit has-spinner\" type=\"submit\" value=\"Envoyer\" \/>\n\t<\/lavel>\n<\/p><div class=\"wpcf7-response-output\" aria-hidden=\"true\"><\/div>\n<\/form>\n<\/div>\n<\/div>\n\t\t\t\t\t\t<\/div>\n\t\t\t\t\t<\/div>\n\t\t\t\t<\/div>\n\t\t\t\t<\/div>\n\t\t","protected":false},"excerpt":{"rendered":"<p>Laissez vous transporter par mes ressentis Get in touch A propos Je m\u2019appelle Christophe Del\u00e8gue, j&rsquo;ai pris conscience de mes facult\u00e9s m\u00e9diumniques (Don de Voyance) suite \u00e0 un \u00e9v\u00e9nement douloureux (la maladie) \u00e0 l&rsquo;\u00e2ge de 14 Ans. Aujourd\u2019hui, plus que jamais, j\u2019aimerais mettre ce don au service des autres. J\u2019ai exerc\u00e9 durant de nombreuses ann\u00e9es [&hellip;]<\/p>\n","protected":false},"author":1,"featured_media":0,"parent":0,"menu_order":0,"comment_status":"closed","ping_status":"closed","template":"elementor_canvas","meta":{"saved_in_kubio":false,"footnotes":""},"class_list":["post-40","page","type-page","status-publish","hentry"],"kubio_ai_page_context":{"short_desc":"","purpose":"general"},"_links":{"self":[{"href":"https:\/\/predictionsamoureuses.fr\/index.php\/wp-json\/wp\/v2\/pages\/40","targetHints":{"allow":["GET"]}}],"collection":[{"href":"https:\/\/predictionsamoureuses.fr\/index.php\/wp-json\/wp\/v2\/pages"}],"about":[{"href":"https:\/\/predictionsamoureuses.fr\/index.php\/wp-json\/wp\/v2\/types\/page"}],"author":[{"embeddable":true,"href":"https:\/\/predictionsamoureuses.fr\/index.php\/wp-json\/wp\/v2\/users\/1"}],"replies":[{"embeddable":true,"href":"https:\/\/predictionsamoureuses.fr\/index.php\/wp-json\/wp\/v2\/comments?post=40"}],"version-history":[{"count":25,"href":"https:\/\/predictionsamoureuses.fr\/index.php\/wp-json\/wp\/v2\/pages\/40\/revisions"}],"predecessor-version":[{"id":94,"href":"https:\/\/predictionsamoureuses.fr\/index.php\/wp-json\/wp\/v2\/pages\/40\/revisions\/94"}],"wp:attachment":[{"href":"https:\/\/predictionsamoureuses.fr\/index.php\/wp-json\/wp\/v2\/media?parent=40"}],"curies":[{"name":"wp","href":"https:\/\/api.w.org\/{rel}","templated":true}]}}